{"id":299,"date":"2024-01-09T20:47:14","date_gmt":"2024-01-09T19:47:14","guid":{"rendered":"https:\/\/oneseal.eu\/home\/?page_id=299"},"modified":"2024-06-19T14:10:58","modified_gmt":"2024-06-19T12:10:58","slug":"governance-231","status":"publish","type":"page","link":"https:\/\/oneseal.eu\/home\/governance-231\/","title":{"rendered":"Governance 231"},"content":{"rendered":"<div class=\"fusion-fullwidth fullwidth-box fusion-builder-row-1 fusion-flex-container nonhundred-percent-fullwidth non-hundred-percent-height-scrolling\" style=\"--awb-border-radius-top-left:0px;--awb-border-radius-top-right:0px;--awb-border-radius-bottom-right:0px;--awb-border-radius-bottom-left:0px;--awb-flex-wrap:wrap;\" ><div class=\"fusion-builder-row fusion-row fusion-flex-align-items-flex-start fusion-flex-content-wrap\" style=\"max-width:1248px;margin-left: calc(-4% \/ 2 );margin-right: calc(-4% \/ 2 );\"><div class=\"fusion-layout-column fusion_builder_column fusion-builder-column-0 fusion_builder_column_1_1 1_1 fusion-flex-column\" style=\"--awb-bg-blend:overlay;--awb-bg-size:cover;--awb-width-large:100%;--awb-margin-top-large:0px;--awb-spacing-right-large:1.92%;--awb-margin-bottom-large:0px;--awb-spacing-left-large:1.92%;--awb-width-medium:100%;--awb-spacing-right-medium:1.92%;--awb-spacing-left-medium:1.92%;--awb-width-small:100%;--awb-spacing-right-small:1.92%;--awb-spacing-left-small:1.92%;\"><div class=\"fusion-column-wrapper fusion-flex-justify-content-flex-start fusion-content-layout-column\"><div class=\"fusion-text fusion-text-1\" style=\"--awb-text-color:var(--awb-color7);\"><p style=\"text-align: center;\">Il nostro <strong>Team 231<\/strong> al tuo fianco per aiutarti a predisporre ed attuare efficacemente il Modello 231, garantendone il corretto funzionamento attraverso i servizi di Organismo di Vigilanza (OdV).<\/p>\n<\/div><div id=\"servicesContainer\">\n    <div class=\"servicebox\">\n        <img decoding=\"async\" class=\"serviceimg\" src=\"\/wp-content\/uploads\/2024\/02\/Pic-8.png\" \/>\n        <div class=\"service\">\n            <span class=\"titolo\"> Modello Organizzativo  <\/span>\n            <p class=\"anteprima\">\n                Ci occupiamo di predisporre il Modello di Organizzazione, Gestione e Controllo, ovvero l\u2019insieme dei principi, delle regole e delle procedure organizzative di cui l\u2019ente si \u00e8 dotato, al fine di prevenire la commissione dei reati previsti dal decreto. \n            <\/p>\n            <p class=\"descrizione\">\n                Il nostro Team di esperti \u00e8 a tua disposizione per aiutarti a creare un Modello 231 su misura per la tua azienda. Attraverso un'analisi approfondita della tua organizzazione e dei suoi processi operativi, identificheremo correttamente tutte le aree a rischio e ti aiuteremo a redigere un Modello 231 efficace e conforme alla normativa.\n            <\/p>\n        <\/div>\n    <\/div>\n    <div class=\"servicebox\">\n        <img decoding=\"async\" class=\"serviceimg\" src=\"\/wp-content\/uploads\/2024\/02\/Pic-9.png\" \/>\n        <div class=\"service\">\n            <span class=\"titolo\"> Organismo di Vigilanza <\/span>\n            <p class=\"anteprima\">\n                Previsto quale requisito di efficacia del modello di organizzazione, gestione e controllo, il nostro servizio OdV ha il compito di vigilare sull\u2019osservanza delle prescrizioni del Modello Organizzativo da parte dei destinatari, di valutarne l\u2019adeguatezza e di curarne l\u2019aggiornamento \n            <\/p>\n            <p class=\"descrizione\">\n                Il nostro OdV vigiler\u00e0 costantemente per assicurare che il tuo Modello 231 sia sempre efficace e conforme alla normativa. Attraverso verifiche regolari, il nostro servizio di vigilanza ti garantisce il persistere della coerenza tra procedure aziendali, comportamenti concreti e Modello istituito, prevenendo in questo modo efficacemente i reati. Il monitoraggio costante dello scenario normativo e delle tendenze di mercato da parte del nostro OdV, garantiranno il continuo aggiornamento del tuo Modello affinch\u00e9 i requisiti di solidit\u00e0 e funzionalit\u00e0 vengano preservati nel tempo.\n            <\/p>\n        <\/div>\n    <\/div>\n    <div class=\"servicebox\">\n        <img decoding=\"async\" class=\"serviceimg\" src=\"\/wp-content\/uploads\/2024\/02\/Pic-10.png\" \/>\n        <div class=\"service\">\n            <span class=\"titolo\"> Audit <\/span>\n            <p class=\"anteprima\">\n                I nostri esperti 231 per la verifica dell\u2019effettiva applicazione del Modello di Organizzazione, Gestione e Controllo nel suo complesso e della sua idoneit\u00e0 rispetto ai profili di rischio evidenziati. \n            <\/p>\n            <p class=\"descrizione\">\n                Il nostro Team 231 eseguir\u00e0 le attivit\u00e0 di audit con stesura conclusiva di un report che illustra le verifiche effettuate, le eventuali carenze o non conformit\u00e0 riscontrate e suggerisce le necessarie azioni correttive e migliorative.\n\n                In fase di implementazione del Modello Organizzativo si svolger\u00e0: l\u2019analisi dei processi aziendali; l\u2019individuazione dei reati potenzialmente configurabili; l\u2019individuazione dei presidi esistenti; l\u2019analisi dei rischi; la valutazione delle azioni migliorative e correttive. Mentre, in fase di verifica del Modello Organizzativo adottato: si far\u00e0 la verifica dell\u2019idoneit\u00e0 del sistema di controllo previsto dal Modello 231 e il controllo dell\u2019effettiva applicazione del Modello\n            <\/p>\n        <\/div>\n    <\/div>\n    <div class=\"servicebox\">\n        <img decoding=\"async\" class=\"serviceimg\" src=\"\/wp-content\/uploads\/2024\/05\/Pic-my231.png\" \/>\n        <div class=\"service\">\n            <span class=\"titolo\"> My231 <\/span>\n            <p class=\"anteprima\">\n                Il Software 231 Zucchetti per una gestione evoluta, efficace e sicura del Modello 231 \n            <\/p>\n            <p class=\"descrizione\">\n                Il Software My 231 Zucchetti permette: l\u2019archiviazione, la diffusione e la revisione del Modello 231. Permette inoltre di gestire i flussi informativi, predisporre l'Action Plan, organizzare le riunioni dell'OdV, verbalizzare le attivit\u00e0 dell'OdV, creare schede di audit e di reportistica delle attivit\u00e0 di OdV. Infine, notificare e sollecitare.\n            <\/p>\n        <\/div>\n    <\/div>\n<\/div>\n\n<style>\n#servicesContainer {\n    display: grid;\n    grid-template-columns: repeat(12, 1fr);\n    gap: 5px;\n}\n.servicebox {\n    grid-column: span 6;\n    order: 1;\n    border: 3px solid;\n    border-radius: 15px;\n    overflow: hidden;\n    cursor: pointer;\n}\n.serviceimg {\n    width: 100%;\n}\n.service {\n    background-color: #003676;\n    text-align: center;\n    height: 100%;\n    width: 100%;\n    padding: 5% 10%;\n    overflow: hidden;\n}\n.titolo{\n    color: white;\n    font-weight: 700;\n    font-size: 22px;\n}\n.anteprima{\n    color: white;\n    line-height: normal;\n}\n.descrizione{\n    display: none;\n}\n.active{\n    order: 0;\n    grid-column: span 12;\n}\n.full{\n    height: 100%;\n}\n.w-30{\n    grid-column: span 4;\n}\n@media only screen and (max-width: 900px) {\n    .w-30{\n        grid-column: span 6;\n    }\n\n}\n@media only screen and (max-width: 575px) {\n    .w-30{\n        grid-column: span 12;\n    }\n    .servicebox {\n    grid-column: span 12;\n    }\n\n}\n<\/style>\n\n<script>\n    jQuery(document).ready(function($) {\n\n    $(\".servicebox\").on(\"click\", function() {\n        $(\".servicebox\").removeClass('active').addClass('w-30');\n        $(\".service\").removeClass('full');\n        $(\".serviceimg\").show();\n        $('.anteprima').show();\n        $('.descrizione').hide();\n        $(this).addClass('active').removeClass('w-30');\n        $(this).find('.service').addClass('full');\n        $(this).find('.serviceimg').hide();\n        $(this).find('.anteprima').hide();\n        $(this).find('.descrizione').show();\n        $([document.documentElement, document.body]).animate({\n            scrollTop: $(\".servicebox.active\").offset().top\n        }, 1000);\n    });\n});\n<\/script><div class=\"fusion-text fusion-text-2\" style=\"--awb-text-color:var(--awb-color7);\"><h4 style=\"text-align: center;\">Hai ancora delle domande?<\/h4>\n<p style=\"text-align: center;\">Inviaci le tue richieste attraverso il form dedicato, clicca su <strong>COMPILA <\/strong>per procedere<\/p>\n<\/div><div style=\"text-align:center;\"><a class=\"fusion-button button-flat fusion-button-default-size button-default fusion-button-default button-1 fusion-button-default-span fusion-button-default-type\" target=\"_self\" href=\"https:\/\/oneseal.eu\/home#formhome\"><span class=\"fusion-button-text awb-button__text awb-button__text--default\">COMPILA<\/span><\/a><\/div><div class=\"fusion-separator fusion-full-width-sep\" style=\"align-self: center;margin-left: auto;margin-right: auto;margin-top:20px;margin-bottom:20px;width:100%;\"><div class=\"fusion-separator-border sep-single sep-solid\" style=\"--awb-height:20px;--awb-amount:20px;--awb-sep-color:var(--awb-color7);border-color:var(--awb-color7);border-top-width:2px;\"><\/div><\/div><\/div><\/div><\/div><\/div>\n","protected":false},"excerpt":{"rendered":"","protected":false},"author":2,"featured_media":0,"parent":0,"menu_order":0,"comment_status":"closed","ping_status":"closed","template":"100-width.php","meta":{"footnotes":""},"class_list":["post-299","page","type-page","status-publish","hentry"],"yoast_head":"<!-- This site is optimized with the Yoast SEO plugin v27.1.1 - https:\/\/yoast.com\/product\/yoast-seo-wordpress\/ -->\n<title>Governance 231 - Oneseal<\/title>\n<meta name=\"robots\" content=\"index, follow, max-snippet:-1, max-image-preview:large, max-video-preview:-1\" \/>\n<link rel=\"canonical\" href=\"https:\/\/oneseal.eu\/home\/governance-231\/\" \/>\n<meta property=\"og:locale\" content=\"it_IT\" \/>\n<meta property=\"og:type\" content=\"article\" \/>\n<meta property=\"og:title\" content=\"Governance 231 - Oneseal\" \/>\n<meta property=\"og:url\" content=\"https:\/\/oneseal.eu\/home\/governance-231\/\" \/>\n<meta property=\"og:site_name\" content=\"Oneseal\" \/>\n<meta property=\"article:modified_time\" content=\"2024-06-19T12:10:58+00:00\" \/>\n<meta name=\"twitter:card\" content=\"summary_large_image\" \/>\n<meta name=\"twitter:label1\" content=\"Tempo di lettura stimato\" \/>\n\t<meta name=\"twitter:data1\" content=\"4 minuti\" \/>\n<script type=\"application\/ld+json\" class=\"yoast-schema-graph\">{\"@context\":\"https:\/\/schema.org\",\"@graph\":[{\"@type\":\"WebPage\",\"@id\":\"https:\/\/oneseal.eu\/home\/governance-231\/\",\"url\":\"https:\/\/oneseal.eu\/home\/governance-231\/\",\"name\":\"Governance 231 - Oneseal\",\"isPartOf\":{\"@id\":\"https:\/\/oneseal.eu\/home\/#website\"},\"datePublished\":\"2024-01-09T19:47:14+00:00\",\"dateModified\":\"2024-06-19T12:10:58+00:00\",\"breadcrumb\":{\"@id\":\"https:\/\/oneseal.eu\/home\/governance-231\/#breadcrumb\"},\"inLanguage\":\"it-IT\",\"potentialAction\":[{\"@type\":\"ReadAction\",\"target\":[\"https:\/\/oneseal.eu\/home\/governance-231\/\"]}]},{\"@type\":\"BreadcrumbList\",\"@id\":\"https:\/\/oneseal.eu\/home\/governance-231\/#breadcrumb\",\"itemListElement\":[{\"@type\":\"ListItem\",\"position\":1,\"name\":\"Home\",\"item\":\"https:\/\/oneseal.eu\/home\/\"},{\"@type\":\"ListItem\",\"position\":2,\"name\":\"Governance 231\"}]},{\"@type\":\"WebSite\",\"@id\":\"https:\/\/oneseal.eu\/home\/#website\",\"url\":\"https:\/\/oneseal.eu\/home\/\",\"name\":\"Oneseal\",\"description\":\"eventuale sottotitolo\",\"potentialAction\":[{\"@type\":\"SearchAction\",\"target\":{\"@type\":\"EntryPoint\",\"urlTemplate\":\"https:\/\/oneseal.eu\/home\/?s={search_term_string}\"},\"query-input\":{\"@type\":\"PropertyValueSpecification\",\"valueRequired\":true,\"valueName\":\"search_term_string\"}}],\"inLanguage\":\"it-IT\"}]}<\/script>\n<!-- \/ Yoast SEO plugin. -->","yoast_head_json":{"title":"Governance 231 - Oneseal","robots":{"index":"index","follow":"follow","max-snippet":"max-snippet:-1","max-image-preview":"max-image-preview:large","max-video-preview":"max-video-preview:-1"},"canonical":"https:\/\/oneseal.eu\/home\/governance-231\/","og_locale":"it_IT","og_type":"article","og_title":"Governance 231 - Oneseal","og_url":"https:\/\/oneseal.eu\/home\/governance-231\/","og_site_name":"Oneseal","article_modified_time":"2024-06-19T12:10:58+00:00","twitter_card":"summary_large_image","twitter_misc":{"Tempo di lettura stimato":"4 minuti"},"schema":{"@context":"https:\/\/schema.org","@graph":[{"@type":"WebPage","@id":"https:\/\/oneseal.eu\/home\/governance-231\/","url":"https:\/\/oneseal.eu\/home\/governance-231\/","name":"Governance 231 - Oneseal","isPartOf":{"@id":"https:\/\/oneseal.eu\/home\/#website"},"datePublished":"2024-01-09T19:47:14+00:00","dateModified":"2024-06-19T12:10:58+00:00","breadcrumb":{"@id":"https:\/\/oneseal.eu\/home\/governance-231\/#breadcrumb"},"inLanguage":"it-IT","potentialAction":[{"@type":"ReadAction","target":["https:\/\/oneseal.eu\/home\/governance-231\/"]}]},{"@type":"BreadcrumbList","@id":"https:\/\/oneseal.eu\/home\/governance-231\/#breadcrumb","itemListElement":[{"@type":"ListItem","position":1,"name":"Home","item":"https:\/\/oneseal.eu\/home\/"},{"@type":"ListItem","position":2,"name":"Governance 231"}]},{"@type":"WebSite","@id":"https:\/\/oneseal.eu\/home\/#website","url":"https:\/\/oneseal.eu\/home\/","name":"Oneseal","description":"eventuale sottotitolo","potentialAction":[{"@type":"SearchAction","target":{"@type":"EntryPoint","urlTemplate":"https:\/\/oneseal.eu\/home\/?s={search_term_string}"},"query-input":{"@type":"PropertyValueSpecification","valueRequired":true,"valueName":"search_term_string"}}],"inLanguage":"it-IT"}]}},"_links":{"self":[{"href":"https:\/\/oneseal.eu\/home\/wp-json\/wp\/v2\/pages\/299","targetHints":{"allow":["GET"]}}],"collection":[{"href":"https:\/\/oneseal.eu\/home\/wp-json\/wp\/v2\/pages"}],"about":[{"href":"https:\/\/oneseal.eu\/home\/wp-json\/wp\/v2\/types\/page"}],"author":[{"embeddable":true,"href":"https:\/\/oneseal.eu\/home\/wp-json\/wp\/v2\/users\/2"}],"replies":[{"embeddable":true,"href":"https:\/\/oneseal.eu\/home\/wp-json\/wp\/v2\/comments?post=299"}],"version-history":[{"count":14,"href":"https:\/\/oneseal.eu\/home\/wp-json\/wp\/v2\/pages\/299\/revisions"}],"predecessor-version":[{"id":1083,"href":"https:\/\/oneseal.eu\/home\/wp-json\/wp\/v2\/pages\/299\/revisions\/1083"}],"wp:attachment":[{"href":"https:\/\/oneseal.eu\/home\/wp-json\/wp\/v2\/media?parent=299"}],"curies":[{"name":"wp","href":"https:\/\/api.w.org\/{rel}","templated":true}]}}