{"id":306,"date":"2024-01-09T20:44:45","date_gmt":"2024-01-09T19:44:45","guid":{"rendered":"https:\/\/oneseal.eu\/home\/?page_id=306"},"modified":"2024-08-08T09:37:53","modified_gmt":"2024-08-08T07:37:53","slug":"consulenza-sicurezza-sul-lavoro","status":"publish","type":"page","link":"https:\/\/oneseal.eu\/home\/consulenza-sicurezza-sul-lavoro\/","title":{"rendered":"Consulenza Sicurezza sul Lavoro"},"content":{"rendered":"<div class=\"fusion-fullwidth fullwidth-box fusion-builder-row-1 fusion-flex-container nonhundred-percent-fullwidth non-hundred-percent-height-scrolling\" style=\"--awb-border-radius-top-left:0px;--awb-border-radius-top-right:0px;--awb-border-radius-bottom-right:0px;--awb-border-radius-bottom-left:0px;--awb-flex-wrap:wrap;\" ><div class=\"fusion-builder-row fusion-row fusion-flex-align-items-flex-start fusion-flex-content-wrap\" style=\"max-width:1248px;margin-left: calc(-4% \/ 2 );margin-right: calc(-4% \/ 2 );\"><div class=\"fusion-layout-column fusion_builder_column fusion-builder-column-0 fusion_builder_column_1_1 1_1 fusion-flex-column\" style=\"--awb-bg-blend:overlay;--awb-bg-size:cover;--awb-width-large:100%;--awb-margin-top-large:0px;--awb-spacing-right-large:1.92%;--awb-margin-bottom-large:0px;--awb-spacing-left-large:1.92%;--awb-width-medium:100%;--awb-spacing-right-medium:1.92%;--awb-spacing-left-medium:1.92%;--awb-width-small:100%;--awb-spacing-right-small:1.92%;--awb-spacing-left-small:1.92%;\"><div class=\"fusion-column-wrapper fusion-flex-justify-content-flex-start fusion-content-layout-column\"><div class=\"fusion-text fusion-text-1\" style=\"--awb-text-color:var(--awb-color7);\"><p style=\"text-align: center;\">La nostra consulenza qualificata nell\u2019applicazione delle corrette procedure in materia di salute e sicurezza sul lavoro e nella stesura di tutta la documentazione necessaria.<\/p>\n<\/div><div id=\"servicesContainer\">\n    <div class=\"servicebox\">\n        <img decoding=\"async\" class=\"serviceimg\" src=\"\/wp-content\/uploads\/2024\/02\/Pic-12.png\" \/>\n        <div class=\"service\">\n            <span class=\"titolo\"> Consulenza  <\/span>\n            <p class=\"anteprima\">\n                I nostri servizi per l'adeguamento alle direttive imposte dal \u201cTesto unico per la sicurezza\u201d finalizzato a garantire la sicurezza e salute dei lavoratori \n            <p class=\"descrizione\">\n                Il nostro Team di esperti in materia di sicurezza sul lavoro \u00e8 a tua disposizione per offrirti consulenza e formazione su tutto il territorio nazionale, in ottemperanza al D.lgs. 81\/08, il \"Testo unico per la sicurezza\".\n\n                Composto da tecnici, formatori e consulenti altamente qualificati, garantiamo flessibilit\u00e0 e reattivit\u00e0 nella gestione di ogni tua richiesta. L'aggiornamento costante in materia legislativa, oltre ad essere un obbligo, rappresenta per noi la massima garanzia di qualit\u00e0 del servizio offerto.\n        <\/div>\n    <\/div>\n    <div class=\"servicebox\">\n        <img decoding=\"async\" class=\"serviceimg\" src=\"\/wp-content\/uploads\/2024\/02\/Pic-13.png\" \/>\n        <div class=\"service\">\n            <span class=\"titolo\"> Incarichi  <\/span>\n            <p class=\"anteprima\">\n                RSPP (Responsabile del Servizio di Prevenzione e Protezione) <br>\n\n                ASPP (Addetto al Servizio di Prevenzione e Protezione) <br>\n\n                Medico Competente <br>\n            <\/p>\n            <p class=\"descrizione\">\n                Un Team di esperti dotati di competenze, certificazioni e attestazioni necessarie per assumere i seguenti incarichi <br>\n\n                <b>\u00b7 Responsabile del Servizio di Prevenzione e Protezione (RSPP):<\/b> Partecipa alle riunioni periodiche e alla composizione del Servizio di Prevenzione e Protezione. Collabora fattivamente alla redazione del Documento di Valutazione dei Rischi (DVR). Favorisce un corretto sistema di gestione della sicurezza e pianificazione della formazione. <br>\n\n           \t\t<b>\u00b7 Addetto al Servizio di Prevenzione e Protezione (ASPP):<\/b> Partecipa alle riunioni periodiche e interviene nei sopralluoghi dei luoghi di lavoro. Favorisce e facilita la comunicazione tra i soggetti componenti l\u2019organigramma per la sicurezza (datore di lavoro, delegati, dirigenti, preposti, lavoratori). <br>\n\n                <b>\u00b7 Medico Competente:<\/b> Redige il Piano Sanitario. Svolge visite ed esami specifici, con almeno un sopralluogo annuale sul luogo di lavoro. Partecipa alle riunioni periodiche ed \u00e8 componente del Servizio di Prevenzione e Protezione. <br>\n\n            <\/p>\n        <\/div>\n    <\/div>\n    <div class=\"servicebox\">\n        <img decoding=\"async\" class=\"serviceimg\" src=\"\/wp-content\/uploads\/2024\/02\/Pic-14.png\" \/>\n        <div class=\"service\">\n            <span class=\"titolo\"> Redazione documenti   <\/span>\n            <p class=\"anteprima\">\n                Documento di Valutazione dei Rischi (DVR) <br>\n\n                Documento Unico di Valutazione dei Rischi di Interferenza (DUVRI) <br>\n\n                Valutazione dei rischi specifici <br>\n            <\/p>\n            <p class=\"descrizione\">\n                Provvederemo a predisporre la seguente documentazione obbligatoria:  <br>\n\n                Documento di Valutazione dei Rischi (DVR) <br>\n\n                Il documento cardine del sistema di gestione sicurezza sul lavoro secondo il Dlgs 81\/2008; esso contiene la valutazione di tutti i rischi e le misure necessarie da mettere in atto per ridurli al minimo.  <br>\n\n                Documento Unico di Valutazione dei Rischi di Interferenza (DUVRI) <br>\n\n                Il Documento Unico di Valutazione dei Rischi da Interferenza; individua e valuta i rischi interferenti dati dalla presenza spazio-temporale di lavoratori di diverse realt\u00e0 e individua le misure adottate per eliminarli o ridurli al minimo. Il documento, la cui responsabilit\u00e0 \u00e8 in capo al datore di lavoro committente, \u00e8 redatto a quattro mani tra il datore di lavoro committente e l\u2019appaltatore. Il primo trasmette al suo appaltatore i rischi della propria attivit\u00e0. A sua volta l\u2019appaltatore valuta e individua i rischi propri dell\u2019attivit\u00e0 che andr\u00e0 ad eseguire presso i luoghi del datore di lavoro committente.  <br>\n\n                Valutazione dei rischi specifici <br>\n\n                In funzione dei processi produttivi e a seguito dell\u2019analisi di alcuni rischi specifici presenti all\u2019interno del comparto aziendale, \u00e8 necessario approfondire la stessa con valutazioni strumentali o l\u2019adozione di metodologie accreditate per garantirne una valutazione approfondita.  \n            <\/p>\n        <\/div>\n    <\/div>\n    <div class=\"servicebox\">\n        <img decoding=\"async\" class=\"serviceimg\" src=\"\/wp-content\/uploads\/2024\/02\/Pic-15.png\" \/>\n        <div class=\"service\">\n            <span class=\"titolo\"> Audit   <\/span>\n            <p class=\"anteprima\">\n                Programmazione e conduzione di audit di prima, seconda, terza parte secondo standard UNI EN ISO 19011:2018 \n\n                Svolgimento di attivit\u00e0 di audit di conformit\u00e0 legislativa \n            <\/p>\n            <p class=\"descrizione\">\n                Il nostro Team 81 effettuer\u00e0 audit che consentono di verificare costantemente l\u2019applicazione delle misure di prevenzione adottate e la loro adeguatezza rispetto ai rischi presenti: intercettare tempestivamente criticit\u00e0 generate dalla violazione delle norme in materia di salute e sicurezza dei lavoratori \u00e8 fondamentale, perch\u00e9 potrebbero essere fonte di responsabilit\u00e0 aziendale. \n            <\/p>\n        <\/div>\n    <\/div>\n<\/div>\n\n<style>\n#servicesContainer {\n    display: grid;\n    grid-template-columns: repeat(12, 1fr);\n    gap: 5px;\n}\n.servicebox {\n    grid-column: span 6;\n    order: 1;\n    border: 3px solid;\n    border-radius: 15px;\n    overflow: hidden;\n    cursor: pointer;\n}\n.serviceimg {\n    width: 100%;\n}\n.service {\n    background-color: #003676;\n    text-align: center;\n    height: 100%;\n    width: 100%;\n    padding: 5% 10%;\n    overflow: hidden;\n}\n.titolo{\n    color: white;\n    font-weight: 700;\n    font-size: 22px;\n}\n.anteprima{\n    color: white;\n    line-height: normal;\n}\n.descrizione{\n    display: none;\n}\n.active{\n    order: 0;\n    grid-column: span 12;\n}\n.full{\n    height: 100%;\n}\n.w-30{\n    grid-column: span 4;\n}\n@media only screen and (max-width: 900px) {\n    .w-30{\n        grid-column: span 6;\n    }\n\n}\n@media only screen and (max-width: 575px) {\n    .w-30{\n        grid-column: span 12;\n    }\n    .servicebox {\n    grid-column: span 12;\n    }\n\n}\n<\/style>\n\n<script>\n    jQuery(document).ready(function($) {\n\n    $(\".servicebox\").on(\"click\", function() {\n        $(\".servicebox\").removeClass('active').addClass('w-30');\n        $(\".service\").removeClass('full');\n        $(\".serviceimg\").show();\n        $('.anteprima').show();\n        $('.descrizione').hide();\n        $(this).addClass('active').removeClass('w-30');\n        $(this).find('.service').addClass('full');\n        $(this).find('.serviceimg').hide();\n        $(this).find('.anteprima').hide();\n        $(this).find('.descrizione').show();\n        $([document.documentElement, document.body]).animate({\n            scrollTop: $(\".servicebox.active\").offset().top\n        }, 1000);\n    });\n});\n<\/script>\n<div class=\"fusion-text fusion-text-2\" style=\"--awb-text-color:var(--awb-color7);\"><h4 style=\"text-align: center;\">Hai ancora delle domande?<\/h4>\n<p style=\"text-align: center;\">Inviaci le tue richieste attraverso il form dedicato, clicca su <strong>COMPILA <\/strong>per procedere<\/p>\n<\/div><div style=\"text-align:center;\"><a class=\"fusion-button button-flat fusion-button-default-size button-default fusion-button-default button-1 fusion-button-default-span fusion-button-default-type\" target=\"_self\" href=\"https:\/\/oneseal.eu\/home#formhome\"><span class=\"fusion-button-text awb-button__text awb-button__text--default\">COMPILA<\/span><\/a><\/div><div class=\"fusion-separator fusion-full-width-sep\" style=\"align-self: center;margin-left: auto;margin-right: auto;margin-top:20px;margin-bottom:20px;width:100%;\"><div class=\"fusion-separator-border sep-single sep-solid\" style=\"--awb-height:20px;--awb-amount:20px;--awb-sep-color:var(--awb-color7);border-color:var(--awb-color7);border-top-width:2px;\"><\/div><\/div><\/div><\/div><\/div><\/div>\n","protected":false},"excerpt":{"rendered":"","protected":false},"author":2,"featured_media":0,"parent":0,"menu_order":0,"comment_status":"closed","ping_status":"closed","template":"100-width.php","meta":{"footnotes":""},"class_list":["post-306","page","type-page","status-publish","hentry"],"yoast_head":"<!-- This site is optimized with the Yoast SEO plugin v27.1.1 - https:\/\/yoast.com\/product\/yoast-seo-wordpress\/ -->\n<title>Consulenza Sicurezza sul Lavoro - Oneseal<\/title>\n<meta name=\"description\" content=\"La nostra consulenza qualificata nell\u2019applicazione delle corrette procedure in materia di salute e sicurezza sul lavoro.\" \/>\n<meta name=\"robots\" content=\"index, follow, max-snippet:-1, max-image-preview:large, max-video-preview:-1\" \/>\n<link rel=\"canonical\" href=\"https:\/\/oneseal.eu\/home\/consulenza-sicurezza-sul-lavoro\/\" \/>\n<meta property=\"og:locale\" content=\"it_IT\" \/>\n<meta property=\"og:type\" content=\"article\" \/>\n<meta property=\"og:title\" content=\"Consulenza Sicurezza sul Lavoro - Oneseal\" \/>\n<meta property=\"og:description\" content=\"La nostra consulenza qualificata nell\u2019applicazione delle corrette procedure in materia di salute e sicurezza sul lavoro.\" \/>\n<meta property=\"og:url\" content=\"https:\/\/oneseal.eu\/home\/consulenza-sicurezza-sul-lavoro\/\" \/>\n<meta property=\"og:site_name\" content=\"Oneseal\" \/>\n<meta property=\"article:modified_time\" content=\"2024-08-08T07:37:53+00:00\" \/>\n<meta name=\"twitter:card\" content=\"summary_large_image\" \/>\n<meta name=\"twitter:label1\" content=\"Tempo di lettura stimato\" \/>\n\t<meta name=\"twitter:data1\" content=\"4 minuti\" \/>\n<script type=\"application\/ld+json\" class=\"yoast-schema-graph\">{\"@context\":\"https:\/\/schema.org\",\"@graph\":[{\"@type\":\"WebPage\",\"@id\":\"https:\/\/oneseal.eu\/home\/consulenza-sicurezza-sul-lavoro\/\",\"url\":\"https:\/\/oneseal.eu\/home\/consulenza-sicurezza-sul-lavoro\/\",\"name\":\"Consulenza Sicurezza sul Lavoro - Oneseal\",\"isPartOf\":{\"@id\":\"https:\/\/oneseal.eu\/home\/#website\"},\"datePublished\":\"2024-01-09T19:44:45+00:00\",\"dateModified\":\"2024-08-08T07:37:53+00:00\",\"description\":\"La nostra consulenza qualificata nell\u2019applicazione delle corrette procedure in materia di salute e sicurezza sul lavoro.\",\"breadcrumb\":{\"@id\":\"https:\/\/oneseal.eu\/home\/consulenza-sicurezza-sul-lavoro\/#breadcrumb\"},\"inLanguage\":\"it-IT\",\"potentialAction\":[{\"@type\":\"ReadAction\",\"target\":[\"https:\/\/oneseal.eu\/home\/consulenza-sicurezza-sul-lavoro\/\"]}]},{\"@type\":\"BreadcrumbList\",\"@id\":\"https:\/\/oneseal.eu\/home\/consulenza-sicurezza-sul-lavoro\/#breadcrumb\",\"itemListElement\":[{\"@type\":\"ListItem\",\"position\":1,\"name\":\"Home\",\"item\":\"https:\/\/oneseal.eu\/home\/\"},{\"@type\":\"ListItem\",\"position\":2,\"name\":\"Consulenza Sicurezza sul Lavoro\"}]},{\"@type\":\"WebSite\",\"@id\":\"https:\/\/oneseal.eu\/home\/#website\",\"url\":\"https:\/\/oneseal.eu\/home\/\",\"name\":\"Oneseal\",\"description\":\"eventuale sottotitolo\",\"potentialAction\":[{\"@type\":\"SearchAction\",\"target\":{\"@type\":\"EntryPoint\",\"urlTemplate\":\"https:\/\/oneseal.eu\/home\/?s={search_term_string}\"},\"query-input\":{\"@type\":\"PropertyValueSpecification\",\"valueRequired\":true,\"valueName\":\"search_term_string\"}}],\"inLanguage\":\"it-IT\"}]}<\/script>\n<!-- \/ Yoast SEO plugin. -->","yoast_head_json":{"title":"Consulenza Sicurezza sul Lavoro - Oneseal","description":"La nostra consulenza qualificata nell\u2019applicazione delle corrette procedure in materia di salute e sicurezza sul lavoro.","robots":{"index":"index","follow":"follow","max-snippet":"max-snippet:-1","max-image-preview":"max-image-preview:large","max-video-preview":"max-video-preview:-1"},"canonical":"https:\/\/oneseal.eu\/home\/consulenza-sicurezza-sul-lavoro\/","og_locale":"it_IT","og_type":"article","og_title":"Consulenza Sicurezza sul Lavoro - Oneseal","og_description":"La nostra consulenza qualificata nell\u2019applicazione delle corrette procedure in materia di salute e sicurezza sul lavoro.","og_url":"https:\/\/oneseal.eu\/home\/consulenza-sicurezza-sul-lavoro\/","og_site_name":"Oneseal","article_modified_time":"2024-08-08T07:37:53+00:00","twitter_card":"summary_large_image","twitter_misc":{"Tempo di lettura stimato":"4 minuti"},"schema":{"@context":"https:\/\/schema.org","@graph":[{"@type":"WebPage","@id":"https:\/\/oneseal.eu\/home\/consulenza-sicurezza-sul-lavoro\/","url":"https:\/\/oneseal.eu\/home\/consulenza-sicurezza-sul-lavoro\/","name":"Consulenza Sicurezza sul Lavoro - Oneseal","isPartOf":{"@id":"https:\/\/oneseal.eu\/home\/#website"},"datePublished":"2024-01-09T19:44:45+00:00","dateModified":"2024-08-08T07:37:53+00:00","description":"La nostra consulenza qualificata nell\u2019applicazione delle corrette procedure in materia di salute e sicurezza sul lavoro.","breadcrumb":{"@id":"https:\/\/oneseal.eu\/home\/consulenza-sicurezza-sul-lavoro\/#breadcrumb"},"inLanguage":"it-IT","potentialAction":[{"@type":"ReadAction","target":["https:\/\/oneseal.eu\/home\/consulenza-sicurezza-sul-lavoro\/"]}]},{"@type":"BreadcrumbList","@id":"https:\/\/oneseal.eu\/home\/consulenza-sicurezza-sul-lavoro\/#breadcrumb","itemListElement":[{"@type":"ListItem","position":1,"name":"Home","item":"https:\/\/oneseal.eu\/home\/"},{"@type":"ListItem","position":2,"name":"Consulenza Sicurezza sul Lavoro"}]},{"@type":"WebSite","@id":"https:\/\/oneseal.eu\/home\/#website","url":"https:\/\/oneseal.eu\/home\/","name":"Oneseal","description":"eventuale sottotitolo","potentialAction":[{"@type":"SearchAction","target":{"@type":"EntryPoint","urlTemplate":"https:\/\/oneseal.eu\/home\/?s={search_term_string}"},"query-input":{"@type":"PropertyValueSpecification","valueRequired":true,"valueName":"search_term_string"}}],"inLanguage":"it-IT"}]}},"_links":{"self":[{"href":"https:\/\/oneseal.eu\/home\/wp-json\/wp\/v2\/pages\/306","targetHints":{"allow":["GET"]}}],"collection":[{"href":"https:\/\/oneseal.eu\/home\/wp-json\/wp\/v2\/pages"}],"about":[{"href":"https:\/\/oneseal.eu\/home\/wp-json\/wp\/v2\/types\/page"}],"author":[{"embeddable":true,"href":"https:\/\/oneseal.eu\/home\/wp-json\/wp\/v2\/users\/2"}],"replies":[{"embeddable":true,"href":"https:\/\/oneseal.eu\/home\/wp-json\/wp\/v2\/comments?post=306"}],"version-history":[{"count":11,"href":"https:\/\/oneseal.eu\/home\/wp-json\/wp\/v2\/pages\/306\/revisions"}],"predecessor-version":[{"id":1085,"href":"https:\/\/oneseal.eu\/home\/wp-json\/wp\/v2\/pages\/306\/revisions\/1085"}],"wp:attachment":[{"href":"https:\/\/oneseal.eu\/home\/wp-json\/wp\/v2\/media?parent=306"}],"curies":[{"name":"wp","href":"https:\/\/api.w.org\/{rel}","templated":true}]}}