{"id":308,"date":"2024-01-09T20:43:34","date_gmt":"2024-01-09T19:43:34","guid":{"rendered":"https:\/\/oneseal.eu\/home\/?page_id=308"},"modified":"2024-06-19T14:40:35","modified_gmt":"2024-06-19T12:40:35","slug":"iso-compliance","status":"publish","type":"page","link":"https:\/\/oneseal.eu\/home\/iso-compliance\/","title":{"rendered":"ISO Compliance"},"content":{"rendered":"<div class=\"fusion-fullwidth fullwidth-box fusion-builder-row-1 fusion-flex-container nonhundred-percent-fullwidth non-hundred-percent-height-scrolling\" style=\"--awb-border-radius-top-left:0px;--awb-border-radius-top-right:0px;--awb-border-radius-bottom-right:0px;--awb-border-radius-bottom-left:0px;--awb-flex-wrap:wrap;\" ><div class=\"fusion-builder-row fusion-row fusion-flex-align-items-flex-start fusion-flex-content-wrap\" style=\"max-width:1248px;margin-left: calc(-4% \/ 2 );margin-right: calc(-4% \/ 2 );\"><div class=\"fusion-layout-column fusion_builder_column fusion-builder-column-0 fusion_builder_column_1_1 1_1 fusion-flex-column\" style=\"--awb-bg-blend:overlay;--awb-bg-size:cover;--awb-width-large:100%;--awb-margin-top-large:0px;--awb-spacing-right-large:1.92%;--awb-margin-bottom-large:0px;--awb-spacing-left-large:1.92%;--awb-width-medium:100%;--awb-spacing-right-medium:1.92%;--awb-spacing-left-medium:1.92%;--awb-width-small:100%;--awb-spacing-right-small:1.92%;--awb-spacing-left-small:1.92%;\"><div class=\"fusion-column-wrapper fusion-flex-justify-content-flex-start fusion-content-layout-column\"><div class=\"fusion-text fusion-text-1\" style=\"--awb-text-color:var(--awb-color7);\"><p style=\"text-align: center;\">Un Team ISO specializzato nell&#8217;affiancare i nostri clienti nel percorso di ottenimento delle certificazioni ISO 9001, ISO 14001, ISO 45001, ISO 27001 e ISO 37001. Garantiamo una consulenza personalizzata e professionale in tutte le fasi dell\u2019iter di certificazione<\/p>\n<\/div><div id=\"servicesContainer\">\n    <div class=\"servicebox\">\n        <img decoding=\"async\" class=\"serviceimg\" src=\"\/wp-content\/uploads\/2024\/02\/Pic-16.png\" \/>\n        <div class=\"service\">\n            <span class=\"titolo\"> ISO 9001:2015 <\/span>\n            <p class=\"anteprima\">\n                Consulenza specifica e professionale in fase di: gap analysis e action plan; implementazione; audit e affiancamento durante la certificazione\n            <p class=\"descrizione\">\n                La norma UNI EN ISO 9001:2015 \u00e8 uno standard internazionale per i sistemi di gestione della qualit\u00e0. Definisce i requisiti per un sistema di gestione che permette a un'organizzazione di fornire prodotti e servizi che soddisfano le aspettative dei clienti fidelizzandoli. La ISO 9001 \u00e8 applicabile a qualsiasi realt\u00e0, pubblica o privata, indipendentemente dal settore in cui opera o dalle sue dimensioni. \n        <\/div>\n    <\/div>\n    <div class=\"servicebox\">\n        <img decoding=\"async\" class=\"serviceimg\" src=\"\/wp-content\/uploads\/2024\/02\/Pic-17.png\" \/>\n        <div class=\"service\">\n            <span class=\"titolo\"> ISO 45001:2018 <\/span>\n            <p class=\"anteprima\">\n                consulenza specifica e professionale in fase di: gap analysis e action plan; implementazione; audit e affiancamento durante la certificazione\n            <\/p>\n            <p class=\"descrizione\">\n               La norma ISO 45001:2018 \u00e8 uno standard internazionale per i sistemi di gestione della salute e sicurezza sul lavoro (SGSSL). Essa fornisce un quadro e linee guida per le organizzazioni per prevenire infortuni sul lavoro, migliorare la salute e sicurezza dei lavoratori e creare un ambiente di lavoro sicuro. \nLa norma ISO 45001:2018 stabilisce requisiti per l'identificazione dei pericoli, la valutazione dei rischi, l'implementazione di controlli e il monitoraggio delle prestazioni per garantire il benessere dei dipendenti e la conformit\u00e0 alle leggi e ai regolamenti applicabili.\n            <\/p>\n        <\/div>\n    <\/div>\n    <div class=\"servicebox\">\n        <img decoding=\"async\" class=\"serviceimg\" src=\"\/wp-content\/uploads\/2024\/02\/Pic-18.png\" \/>\n        <div class=\"service\">\n            <span class=\"titolo\">  ISO 27001:2013  <\/span>\n            <p class=\"anteprima\">\n                Consulenza specifica e professionale in fase di: gap analysis e action plan; implementazione; audit e affiancamento durante la certificazione\n            <\/p>\n            <p class=\"descrizione\">\n La norma UNI CEI ISO\/IEC 27001:2022, definisce i requisiti per implementare un sistema di gestione della sicurezza delle informazioni (SGSI) efficace all'interno della tua organizzazione. Obiettivo principale della norma \u00e8 tutelare la confidenzialit\u00e0, l'integrit\u00e0 e la disponibilit\u00e0 dei tuoi dati aziendali, contrastando le minacce informatiche in continua evoluzione. La ISO 27001 \u00e8 basata su un approccio di ciclo di vita del sistema di gestione che comprende la pianificazione, l\u2019implementazione, il monitoraggio e il miglioramento continuo delle misure di sicurezza.\n            <\/p>\n        <\/div>\n    <\/div>\n    <div class=\"servicebox\">\n        <img decoding=\"async\" class=\"serviceimg\" src=\"\/wp-content\/uploads\/2024\/02\/Pic-19.png\" \/>\n        <div class=\"service\">\n            <span class=\"titolo\">  ISO 37001:2016 <\/span>\n            <p class=\"anteprima\">\nConsulenza specifica e professionale in fase di: gap analysis e action plan; implementazione; audit e affiancamento durante la certificazione            <\/p>\n            <p class=\"descrizione\">\nLa ISO 37001:2016 \u00e8 uno standard internazionale che stabilisce i requisiti per un sistema di gestione anticorruzione. \n\u00c8 progettato per aiutare le organizzazioni a prevenire, individuare e affrontare il rischio di corruzione nelle loro attivit\u00e0. \nLa norma fornisce linee guida e best practice per l'implementazione di politiche, procedure e controlli per gestire l'anticorruzione in modo efficace\n            <\/p>\n        <\/div>\n    <\/div>\n<\/div>\n\n<style>\n#servicesContainer {\n    display: grid;\n    grid-template-columns: repeat(12, 1fr);\n    gap: 5px;\n}\n.servicebox {\n    grid-column: span 6;\n    order: 1;\n    border: 3px solid;\n    border-radius: 15px;\n    overflow: hidden;\n    cursor: pointer;\n}\n.serviceimg {\n    width: 100%;\n}\n.service {\n    background-color: #003676;\n    text-align: center;\n    height: 100%;\n    width: 100%;\n    padding: 5% 10%;\n    overflow: hidden;\n}\n.titolo{\n    color: white;\n    font-weight: 700;\n    font-size: 22px;\n}\n.anteprima{\n    color: white;\n    line-height: normal;\n}\n.descrizione{\n    display: none;\n}\n.active{\n    order: 0;\n    grid-column: span 12;\n}\n.full{\n    height: 100%;\n}\n.w-30{\n    grid-column: span 4;\n}\n@media only screen and (max-width: 900px) {\n    .w-30{\n        grid-column: span 6;\n    }\n\n}\n@media only screen and (max-width: 575px) {\n    .w-30{\n        grid-column: span 12;\n    }\n    .servicebox {\n    grid-column: span 12;\n    }\n\n}\n<\/style>\n\n<script>\n    jQuery(document).ready(function($) {\n\n    $(\".servicebox\").on(\"click\", function() {\n        $(\".servicebox\").removeClass('active').addClass('w-30');\n        $(\".service\").removeClass('full');\n        $(\".serviceimg\").show();\n        $('.anteprima').show();\n        $('.descrizione').hide();\n        $(this).addClass('active').removeClass('w-30');\n        $(this).find('.service').addClass('full');\n        $(this).find('.serviceimg').hide();\n        $(this).find('.anteprima').hide();\n        $(this).find('.descrizione').show();\n        $([document.documentElement, document.body]).animate({\n            scrollTop: $(\".servicebox.active\").offset().top\n        }, 1000);\n    });\n});\n<\/script>\n<div class=\"fusion-text fusion-text-2\" style=\"--awb-text-color:var(--awb-color7);\"><h4 style=\"text-align: center;\">Hai ancora delle domande?<\/h4>\n<p style=\"text-align: center;\">Inviaci le tue richieste attraverso il form dedicato, clicca su <strong>COMPILA <\/strong>per procedere<\/p>\n<\/div><div style=\"text-align:center;\"><a class=\"fusion-button button-flat fusion-button-default-size button-default fusion-button-default button-1 fusion-button-default-span fusion-button-default-type\" target=\"_self\" href=\"https:\/\/oneseal.eu\/home#formhome\"><span class=\"fusion-button-text awb-button__text awb-button__text--default\">COMPILA<\/span><\/a><\/div><div class=\"fusion-separator fusion-full-width-sep\" style=\"align-self: center;margin-left: auto;margin-right: auto;margin-top:20px;margin-bottom:20px;width:100%;\"><div class=\"fusion-separator-border sep-single sep-solid\" style=\"--awb-height:20px;--awb-amount:20px;--awb-sep-color:var(--awb-color7);border-color:var(--awb-color7);border-top-width:2px;\"><\/div><\/div><\/div><\/div><\/div><\/div>\n","protected":false},"excerpt":{"rendered":"","protected":false},"author":2,"featured_media":0,"parent":0,"menu_order":0,"comment_status":"closed","ping_status":"closed","template":"100-width.php","meta":{"footnotes":""},"class_list":["post-308","page","type-page","status-publish","hentry"],"yoast_head":"<!-- This site is optimized with the Yoast SEO plugin v27.1.1 - https:\/\/yoast.com\/product\/yoast-seo-wordpress\/ -->\n<title>ISO Compliance - Oneseal<\/title>\n<meta name=\"robots\" content=\"index, follow, max-snippet:-1, max-image-preview:large, max-video-preview:-1\" \/>\n<link rel=\"canonical\" href=\"https:\/\/oneseal.eu\/home\/iso-compliance\/\" \/>\n<meta property=\"og:locale\" content=\"it_IT\" \/>\n<meta property=\"og:type\" content=\"article\" \/>\n<meta property=\"og:title\" content=\"ISO Compliance - Oneseal\" \/>\n<meta property=\"og:url\" content=\"https:\/\/oneseal.eu\/home\/iso-compliance\/\" \/>\n<meta property=\"og:site_name\" content=\"Oneseal\" \/>\n<meta property=\"article:modified_time\" content=\"2024-06-19T12:40:35+00:00\" \/>\n<meta name=\"twitter:card\" content=\"summary_large_image\" \/>\n<meta name=\"twitter:label1\" content=\"Tempo di lettura stimato\" \/>\n\t<meta name=\"twitter:data1\" content=\"4 minuti\" \/>\n<script type=\"application\/ld+json\" class=\"yoast-schema-graph\">{\"@context\":\"https:\/\/schema.org\",\"@graph\":[{\"@type\":\"WebPage\",\"@id\":\"https:\/\/oneseal.eu\/home\/iso-compliance\/\",\"url\":\"https:\/\/oneseal.eu\/home\/iso-compliance\/\",\"name\":\"ISO Compliance - Oneseal\",\"isPartOf\":{\"@id\":\"https:\/\/oneseal.eu\/home\/#website\"},\"datePublished\":\"2024-01-09T19:43:34+00:00\",\"dateModified\":\"2024-06-19T12:40:35+00:00\",\"breadcrumb\":{\"@id\":\"https:\/\/oneseal.eu\/home\/iso-compliance\/#breadcrumb\"},\"inLanguage\":\"it-IT\",\"potentialAction\":[{\"@type\":\"ReadAction\",\"target\":[\"https:\/\/oneseal.eu\/home\/iso-compliance\/\"]}]},{\"@type\":\"BreadcrumbList\",\"@id\":\"https:\/\/oneseal.eu\/home\/iso-compliance\/#breadcrumb\",\"itemListElement\":[{\"@type\":\"ListItem\",\"position\":1,\"name\":\"Home\",\"item\":\"https:\/\/oneseal.eu\/home\/\"},{\"@type\":\"ListItem\",\"position\":2,\"name\":\"ISO Compliance\"}]},{\"@type\":\"WebSite\",\"@id\":\"https:\/\/oneseal.eu\/home\/#website\",\"url\":\"https:\/\/oneseal.eu\/home\/\",\"name\":\"Oneseal\",\"description\":\"eventuale sottotitolo\",\"potentialAction\":[{\"@type\":\"SearchAction\",\"target\":{\"@type\":\"EntryPoint\",\"urlTemplate\":\"https:\/\/oneseal.eu\/home\/?s={search_term_string}\"},\"query-input\":{\"@type\":\"PropertyValueSpecification\",\"valueRequired\":true,\"valueName\":\"search_term_string\"}}],\"inLanguage\":\"it-IT\"}]}<\/script>\n<!-- \/ Yoast SEO plugin. -->","yoast_head_json":{"title":"ISO Compliance - Oneseal","robots":{"index":"index","follow":"follow","max-snippet":"max-snippet:-1","max-image-preview":"max-image-preview:large","max-video-preview":"max-video-preview:-1"},"canonical":"https:\/\/oneseal.eu\/home\/iso-compliance\/","og_locale":"it_IT","og_type":"article","og_title":"ISO Compliance - Oneseal","og_url":"https:\/\/oneseal.eu\/home\/iso-compliance\/","og_site_name":"Oneseal","article_modified_time":"2024-06-19T12:40:35+00:00","twitter_card":"summary_large_image","twitter_misc":{"Tempo di lettura stimato":"4 minuti"},"schema":{"@context":"https:\/\/schema.org","@graph":[{"@type":"WebPage","@id":"https:\/\/oneseal.eu\/home\/iso-compliance\/","url":"https:\/\/oneseal.eu\/home\/iso-compliance\/","name":"ISO Compliance - Oneseal","isPartOf":{"@id":"https:\/\/oneseal.eu\/home\/#website"},"datePublished":"2024-01-09T19:43:34+00:00","dateModified":"2024-06-19T12:40:35+00:00","breadcrumb":{"@id":"https:\/\/oneseal.eu\/home\/iso-compliance\/#breadcrumb"},"inLanguage":"it-IT","potentialAction":[{"@type":"ReadAction","target":["https:\/\/oneseal.eu\/home\/iso-compliance\/"]}]},{"@type":"BreadcrumbList","@id":"https:\/\/oneseal.eu\/home\/iso-compliance\/#breadcrumb","itemListElement":[{"@type":"ListItem","position":1,"name":"Home","item":"https:\/\/oneseal.eu\/home\/"},{"@type":"ListItem","position":2,"name":"ISO Compliance"}]},{"@type":"WebSite","@id":"https:\/\/oneseal.eu\/home\/#website","url":"https:\/\/oneseal.eu\/home\/","name":"Oneseal","description":"eventuale sottotitolo","potentialAction":[{"@type":"SearchAction","target":{"@type":"EntryPoint","urlTemplate":"https:\/\/oneseal.eu\/home\/?s={search_term_string}"},"query-input":{"@type":"PropertyValueSpecification","valueRequired":true,"valueName":"search_term_string"}}],"inLanguage":"it-IT"}]}},"_links":{"self":[{"href":"https:\/\/oneseal.eu\/home\/wp-json\/wp\/v2\/pages\/308","targetHints":{"allow":["GET"]}}],"collection":[{"href":"https:\/\/oneseal.eu\/home\/wp-json\/wp\/v2\/pages"}],"about":[{"href":"https:\/\/oneseal.eu\/home\/wp-json\/wp\/v2\/types\/page"}],"author":[{"embeddable":true,"href":"https:\/\/oneseal.eu\/home\/wp-json\/wp\/v2\/users\/2"}],"replies":[{"embeddable":true,"href":"https:\/\/oneseal.eu\/home\/wp-json\/wp\/v2\/comments?post=308"}],"version-history":[{"count":13,"href":"https:\/\/oneseal.eu\/home\/wp-json\/wp\/v2\/pages\/308\/revisions"}],"predecessor-version":[{"id":1128,"href":"https:\/\/oneseal.eu\/home\/wp-json\/wp\/v2\/pages\/308\/revisions\/1128"}],"wp:attachment":[{"href":"https:\/\/oneseal.eu\/home\/wp-json\/wp\/v2\/media?parent=308"}],"curies":[{"name":"wp","href":"https:\/\/api.w.org\/{rel}","templated":true}]}}